{"id":36,"date":"2015-08-04T16:42:09","date_gmt":"2015-08-04T14:42:09","guid":{"rendered":"http:\/\/www.juhonisch.de\/wordpress\/?page_id=36"},"modified":"2025-03-02T18:08:45","modified_gmt":"2025-03-02T17:08:45","slug":"termine","status":"publish","type":"page","link":"https:\/\/testseite.juhonisch.de\/?page_id=36","title":{"rendered":"Termine"},"content":{"rendered":"<p><\/p>\n<h3>2025<\/h3>\n<ul>\n<li>Parakryptozoologischer Jahreskongress in Leipzig<\/li>\n<li>15:30 h, 08.03.2025: Lesung\u00a0 auf der <a href=\"https:\/\/cavecon.de\/lesungen-und-vortraege\/\">CaveCon in Aschaffenburg<\/a><\/li>\n<li>26.04.2025: \u00a0Whisky-Lesung in Delitzsch bei Leipzig anl\u00e4sslich der Leipziger Buchmesse &#8217;25. Vorgestellt wird der neue Roman &#8222;Schlange des B\u00f6sen&#8220;.<\/li>\n<li>15:30 h 28.03.2025: Lesung auf der\u00a0 Leipziger Buchmesse &#8217;25. Vorgestellt wird der neue Roman &#8222;Schlange des B\u00f6sen&#8220;.<\/li>\n<li>02.-03.05.2025: \u00a0Steampunk Festival in Buxtehude<\/li>\n<li>10.05.2025: Marburg Con<\/li>\n<li>17.-18.05.2025: FaRK Grube Reden<\/li>\n<li>14.-15.06.2025: Nordcon Hamburg<\/li>\n<li>04.-06.07.2025: Wetzcon, <a href=\"https:\/\/sfcd.eu\/\">SFCD<\/a> Con in der <a href=\"https:\/\/www.phantastik.eu\/\">Phantastischen Bibliothek Wetzlar<\/a><\/li>\n<li>12.-13.07.2025: Feencon Bonn Beuel<\/li>\n<li>01.-03.08.2025: Kr\u00e4henfee Con auf der Burg Linn in Krefeld<\/li>\n<li>10.-12.10.2025: Intermezzo Filkcon<\/li>\n<li>18.10.2025: BuCon B\u00fcchertisch * B\u00fcrgerhaus Sprendlingen, Dreieich<\/li>\n<li>t.b.a Dreieichcon, B\u00fcchertisch * B\u00fcrgerhaus Sprendlingen, Dreieich<\/li>\n<\/ul>\n<p>&nbsp;<\/p>\n<p>Ich freue mich immer, wenn Ihr zahlreich erscheint &#8211; auch online!<\/p>\n<p>&nbsp;<\/p>\n<blockquote><p>Hier und dort und dann wieder ganz woanders &#8230;<\/p><\/blockquote>\n<p><\/p>","protected":false},"excerpt":{"rendered":"<p>2025 Parakryptozoologischer Jahreskongress in Leipzig 15:30 h, 08.03.2025: Lesung\u00a0 auf der CaveCon in Aschaffenburg 26.04.2025: \u00a0Whisky-Lesung in Delitzsch bei Leipzig anl\u00e4sslich der Leipziger Buchmesse &#8217;25. Vorgestellt wird der neue Roman &#8222;Schlange des B\u00f6sen&#8220;. 15:30 h 28.03.2025: Lesung auf der\u00a0 Leipziger Buchmesse &#8217;25. Vorgestellt wird der neue Roman &#8222;Schlange des B\u00f6sen&#8220;. 02.-03.05.2025: \u00a0Steampunk Festival in Buxtehude 10.05.2025: Marburg Con 17.-18.05.2025: FaRK Grube Reden 14.-15.06.2025: Nordcon Hamburg 04.-06.07.2025: Wetzcon, SFCD Con in der Phantastischen Bibliothek Wetzlar 12.-13.07.2025: Feencon Bonn Beuel 01.-03.08.2025: Kr\u00e4henfee Con auf der Burg Linn in Krefeld 10.-12.10.2025: Intermezzo Filkcon 18.10.2025: BuCon B\u00fcchertisch * B\u00fcrgerhaus Sprendlingen, Dreieich t.b.a Dreieichcon, B\u00fcchertisch * B\u00fcrgerhaus Sprendlingen, Dreieich &nbsp; Ich freue mich immer, wenn Ihr zahlreich erscheint &#8211; auch online! &nbsp; Hier und dort und dann wieder ganz woanders &#8230;<\/p>\n","protected":false},"author":1,"featured_media":0,"parent":0,"menu_order":2,"comment_status":"open","ping_status":"open","template":"","meta":{"sfsi_plus_gutenberg_text_before_share":"","sfsi_plus_gutenberg_show_text_before_share":"","sfsi_plus_gutenberg_icon_type":"","sfsi_plus_gutenberg_icon_alignemt":"","sfsi_plus_gutenburg_max_per_row":"","footnotes":""},"folder":[],"class_list":["post-36","page","type-page","status-publish","hentry"],"acf":[],"_links":{"self":[{"href":"https:\/\/testseite.juhonisch.de\/index.php?rest_route=\/wp\/v2\/pages\/36","targetHints":{"allow":["GET"]}}],"collection":[{"href":"https:\/\/testseite.juhonisch.de\/index.php?rest_route=\/wp\/v2\/pages"}],"about":[{"href":"https:\/\/testseite.juhonisch.de\/index.php?rest_route=\/wp\/v2\/types\/page"}],"author":[{"embeddable":true,"href":"https:\/\/testseite.juhonisch.de\/index.php?rest_route=\/wp\/v2\/users\/1"}],"replies":[{"embeddable":true,"href":"https:\/\/testseite.juhonisch.de\/index.php?rest_route=%2Fwp%2Fv2%2Fcomments&post=36"}],"version-history":[{"count":138,"href":"https:\/\/testseite.juhonisch.de\/index.php?rest_route=\/wp\/v2\/pages\/36\/revisions"}],"predecessor-version":[{"id":2015,"href":"https:\/\/testseite.juhonisch.de\/index.php?rest_route=\/wp\/v2\/pages\/36\/revisions\/2015"}],"wp:attachment":[{"href":"https:\/\/testseite.juhonisch.de\/index.php?rest_route=%2Fwp%2Fv2%2Fmedia&parent=36"}],"wp:term":[{"taxonomy":"folder","embeddable":true,"href":"https:\/\/testseite.juhonisch.de\/index.php?rest_route=%2Fwp%2Fv2%2Ffolder&post=36"}],"curies":[{"name":"wp","href":"https:\/\/api.w.org\/{rel}","templated":true}]}}