{"id":47,"date":"2015-08-04T21:54:22","date_gmt":"2015-08-04T19:54:22","guid":{"rendered":"http:\/\/www.juhonisch.de\/wordpress\/?page_id=47"},"modified":"2021-09-17T14:58:27","modified_gmt":"2021-09-17T12:58:27","slug":"die-dichterin","status":"publish","type":"page","link":"https:\/\/testseite.juhonisch.de\/?page_id=47","title":{"rendered":"Die Dichterin"},"content":{"rendered":"<p>Gedichte sind Teile der Seele, und somit gelegentlich unaufger\u00e4umt. Da liegt schon mal was rum.<\/p>\n<p>Seelen sind mal ernst, mal heiter; bisweilen sogar trivial. Begegnungen und Erlebnisse l\u00f6sen gerne das Dichter-Gen aus. Jahreszeiten, Uns\u00e4gliches, Wilderlebtes, Nachgedachtes, Vorgedachtes, Ausgedachtes, Launen, Beobachtungen. &#8211; Und Schafe.<\/p>\n<p>Wenn K\u00fcrze des Witzes Seele ist, dann sind meine Gedichte alles andere als witzig.<\/p>\n<h3>Gedichte<\/h3>\n<p><img decoding=\"async\" class=\"alignleft\" src=\"https:\/\/testseite.juhonisch.de\/img\/sekretaer.gif\" alt=\"\" width=\"110\" height=\"110\" align=\"right\" \/><\/p>\n<ul>\n<li><a href=\"https:\/\/testseite.juhonisch.de\/Files\/Grosstadtschamane.pdf\">Der Gro\u00dfstadtschamane<\/a> (auf Deutsch)<\/li>\n<\/ul>\n<ul>\n<li><a href=\"https:\/\/testseite.juhonisch.de\/Files\/Neujahr.pdf\">New Year &#8211; Neujahr<\/a> (auf Deutsch und Englisch)<\/li>\n<\/ul>\n<ul>\n<li><a href=\"https:\/\/testseite.juhonisch.de\/Files\/Pastorale.pdf\">Pastorale<\/a> (auf Deutsch)<\/li>\n<\/ul>\n<p>&nbsp;<\/p>\n<blockquote><p>Jahreszeiten, Uns\u00e4gliches, Wilderlebtes, Nachgedachtes, Vorgedachtes, Ausgedachtes, Launen, Beobachtungen.<\/p><\/blockquote>\n<p><\/p>","protected":false},"excerpt":{"rendered":"<p>Gedichte sind Teile der Seele, und somit gelegentlich unaufger\u00e4umt. Da liegt schon mal was rum. Seelen sind mal ernst, mal heiter; bisweilen sogar trivial. Begegnungen und Erlebnisse l\u00f6sen gerne das Dichter-Gen aus. Jahreszeiten, Uns\u00e4gliches, Wilderlebtes, Nachgedachtes, Vorgedachtes, Ausgedachtes, Launen, Beobachtungen. &#8211; Und Schafe. Wenn K\u00fcrze des Witzes Seele ist, dann sind meine Gedichte alles andere als witzig. Gedichte Der Gro\u00dfstadtschamane (auf Deutsch) New Year &#8211; Neujahr (auf Deutsch und Englisch) Pastorale (auf Deutsch) &nbsp; Jahreszeiten, Uns\u00e4gliches, Wilderlebtes, Nachgedachtes, Vorgedachtes, Ausgedachtes, Launen, Beobachtungen.<\/p>\n","protected":false},"author":1,"featured_media":0,"parent":7,"menu_order":0,"comment_status":"open","ping_status":"open","template":"","meta":{"sfsi_plus_gutenberg_text_before_share":"","sfsi_plus_gutenberg_show_text_before_share":"","sfsi_plus_gutenberg_icon_type":"","sfsi_plus_gutenberg_icon_alignemt":"","sfsi_plus_gutenburg_max_per_row":"","footnotes":""},"folder":[],"class_list":["post-47","page","type-page","status-publish","hentry"],"acf":[],"_links":{"self":[{"href":"https:\/\/testseite.juhonisch.de\/index.php?rest_route=\/wp\/v2\/pages\/47","targetHints":{"allow":["GET"]}}],"collection":[{"href":"https:\/\/testseite.juhonisch.de\/index.php?rest_route=\/wp\/v2\/pages"}],"about":[{"href":"https:\/\/testseite.juhonisch.de\/index.php?rest_route=\/wp\/v2\/types\/page"}],"author":[{"embeddable":true,"href":"https:\/\/testseite.juhonisch.de\/index.php?rest_route=\/wp\/v2\/users\/1"}],"replies":[{"embeddable":true,"href":"https:\/\/testseite.juhonisch.de\/index.php?rest_route=%2Fwp%2Fv2%2Fcomments&post=47"}],"version-history":[{"count":7,"href":"https:\/\/testseite.juhonisch.de\/index.php?rest_route=\/wp\/v2\/pages\/47\/revisions"}],"predecessor-version":[{"id":1170,"href":"https:\/\/testseite.juhonisch.de\/index.php?rest_route=\/wp\/v2\/pages\/47\/revisions\/1170"}],"up":[{"embeddable":true,"href":"https:\/\/testseite.juhonisch.de\/index.php?rest_route=\/wp\/v2\/pages\/7"}],"wp:attachment":[{"href":"https:\/\/testseite.juhonisch.de\/index.php?rest_route=%2Fwp%2Fv2%2Fmedia&parent=47"}],"wp:term":[{"taxonomy":"folder","embeddable":true,"href":"https:\/\/testseite.juhonisch.de\/index.php?rest_route=%2Fwp%2Fv2%2Ffolder&post=47"}],"curies":[{"name":"wp","href":"https:\/\/api.w.org\/{rel}","templated":true}]}}